{"id":573,"date":"2024-10-07T16:45:00","date_gmt":"2024-10-07T14:45:00","guid":{"rendered":"http:\/\/cindygranger-naturopathe.fr\/?page_id=573"},"modified":"2024-10-12T00:25:49","modified_gmt":"2024-10-11T22:25:49","slug":"mon-accompagnement-regulation-emotionnelle-tipi","status":"publish","type":"page","link":"https:\/\/cindygranger-naturopathe.fr\/index.php\/mon-accompagnement-regulation-emotionnelle-tipi\/","title":{"rendered":"Mon accompagnement : R\u00e9gulation Emotionnelle TIPI\u00ae"},"content":{"rendered":"\t\t<div data-elementor-type=\"wp-page\" data-elementor-id=\"573\" class=\"elementor elementor-573\">\n\t\t\t\t\t\t<section class=\"elementor-section elementor-top-section elementor-element elementor-element-c171ada elementor-section-boxed elementor-section-height-default elementor-section-height-default\" data-id=\"c171ada\" data-element_type=\"section\" data-e-type=\"section\" data-settings=\"{&quot;background_background&quot;:&quot;classic&quot;}\">\n\t\t\t\t\t\t<div class=\"elementor-container elementor-column-gap-default\">\n\t\t\t\t\t<div class=\"elementor-column elementor-col-100 elementor-top-column elementor-element elementor-element-8ce5ba0\" data-id=\"8ce5ba0\" data-element_type=\"column\" data-e-type=\"column\">\n\t\t\t<div class=\"elementor-widget-wrap elementor-element-populated\">\n\t\t\t\t\t\t<div class=\"elementor-element elementor-element-df941f2 elementor-widget elementor-widget-heading\" data-id=\"df941f2\" data-element_type=\"widget\" data-e-type=\"widget\" data-widget_type=\"heading.default\">\n\t\t\t\t<div class=\"elementor-widget-container\">\n\t\t\t\t\t<h1 class=\"elementor-heading-title elementor-size-default\">Mon accompagnement : R\u00e9gulation \u00e9motionnelle TIPI\u00ae<br><\/h1>\t\t\t\t<\/div>\n\t\t\t\t<\/div>\n\t\t\t\t\t<\/div>\n\t\t<\/div>\n\t\t\t\t\t<\/div>\n\t\t<\/section>\n\t\t\t\t<section class=\"elementor-section elementor-top-section elementor-element elementor-element-ae46146 elementor-section-boxed elementor-section-height-default elementor-section-height-default\" data-id=\"ae46146\" data-element_type=\"section\" data-e-type=\"section\" data-settings=\"{&quot;background_background&quot;:&quot;classic&quot;}\">\n\t\t\t\t\t\t<div class=\"elementor-container elementor-column-gap-default\">\n\t\t\t\t\t<div class=\"elementor-column elementor-col-100 elementor-top-column elementor-element elementor-element-150ac79\" data-id=\"150ac79\" data-element_type=\"column\" data-e-type=\"column\">\n\t\t\t<div class=\"elementor-widget-wrap elementor-element-populated\">\n\t\t\t\t\t\t<div class=\"elementor-element elementor-element-4c10468 elementor-widget elementor-widget-text-editor\" data-id=\"4c10468\" data-element_type=\"widget\" data-e-type=\"widget\" data-widget_type=\"text-editor.default\">\n\t\t\t\t<div class=\"elementor-widget-container\">\n\t\t\t\t\t\t\t\t\t<p>Les s\u00e9ances ne s\u2019adressent pas enfants de moins de 16 ans ni aux personnes souffrant de troubles <i>cognitifs s\u00e9v\u00e8res.<\/i><\/p>\t\t\t\t\t\t\t\t<\/div>\n\t\t\t\t<\/div>\n\t\t\t\t\t<\/div>\n\t\t<\/div>\n\t\t\t\t\t<\/div>\n\t\t<\/section>\n\t\t\t\t<section class=\"elementor-section elementor-top-section elementor-element elementor-element-8d34f52 elementor-section-boxed elementor-section-height-default elementor-section-height-default\" data-id=\"8d34f52\" data-element_type=\"section\" data-e-type=\"section\" data-settings=\"{&quot;background_background&quot;:&quot;classic&quot;}\">\n\t\t\t\t\t\t<div class=\"elementor-container elementor-column-gap-default\">\n\t\t\t\t\t<div class=\"elementor-column elementor-col-100 elementor-top-column elementor-element elementor-element-b3e156a\" data-id=\"b3e156a\" data-element_type=\"column\" data-e-type=\"column\">\n\t\t\t<div class=\"elementor-widget-wrap elementor-element-populated\">\n\t\t\t\t\t\t<div class=\"elementor-element elementor-element-0225d67 elementor-widget elementor-widget-text-editor\" data-id=\"0225d67\" data-element_type=\"widget\" data-e-type=\"widget\" data-widget_type=\"text-editor.default\">\n\t\t\t\t<div class=\"elementor-widget-container\">\n\t\t\t\t\t\t\t\t\t<p><span style=\"font-weight: bolder;\">\u00ab<\/span> <span style=\"font-weight: bolder;\">On se lave les dents tous les jours, faisons de m\u00eame avec la r\u00e9gulation \u00e9motionnelle TIPI pour une gestion saine de nos \u00e9motions<\/span><span style=\"font-weight: bolder;\">\u00a0<\/span><span style=\"font-weight: bolder;\">\u00bb<\/span><span style=\"font-weight: bolder;\">\u00a0<\/span><\/p>\t\t\t\t\t\t\t\t<\/div>\n\t\t\t\t<\/div>\n\t\t\t\t\t<\/div>\n\t\t<\/div>\n\t\t\t\t\t<\/div>\n\t\t<\/section>\n\t\t\t\t<section class=\"elementor-section elementor-top-section elementor-element elementor-element-6e1d950 elementor-section-boxed elementor-section-height-default elementor-section-height-default\" data-id=\"6e1d950\" data-element_type=\"section\" data-e-type=\"section\" data-settings=\"{&quot;background_background&quot;:&quot;classic&quot;}\">\n\t\t\t\t\t\t<div class=\"elementor-container elementor-column-gap-default\">\n\t\t\t\t\t<div class=\"elementor-column elementor-col-100 elementor-top-column elementor-element elementor-element-d7d43a7\" data-id=\"d7d43a7\" data-element_type=\"column\" data-e-type=\"column\">\n\t\t\t<div class=\"elementor-widget-wrap elementor-element-populated\">\n\t\t\t\t\t\t<div class=\"elementor-element elementor-element-82ee567 elementor-widget__width-initial elementor-widget elementor-widget-text-editor\" data-id=\"82ee567\" data-element_type=\"widget\" data-e-type=\"widget\" data-widget_type=\"text-editor.default\">\n\t\t\t\t<div class=\"elementor-widget-container\">\n\t\t\t\t\t\t\t\t\t<p><img decoding=\"async\" style=\"color: var( --e-global-color-text ); font-family: var( --e-global-typography-text-font-family ), Sans-serif; font-size: 1rem; font-weight: bold;\" src=\"http:\/\/cindygranger-naturopathe.fr\/wp-content\/uploads\/2024\/10\/puce.png\" alt=\"\" width=\"17\" height=\"17\" \/><span style=\"color: var( --e-global-color-text ); font-family: var( --e-global-typography-text-font-family ), Sans-serif; font-size: 1rem; font-weight: bold;\">\u00a0<\/span><strong>De quoi s\u2019agit-il ?<\/strong><\/p><p>Vous faites face \u00e0 des difficult\u00e9s \u00e9motionnelles dans votre vie quotidienne et vous les vivez mal :<\/p><p>&#8220;Je me d\u00e9compose \u00e0 chaque fois que je parle en public\u2026<\/p><p>\u2026Je me mets en col\u00e8re trop rapidement avec mes enfants\u2026<\/p><p>\u2026Je crains les aiguilles, avion, chiens\u2026<\/p><p>\u2026J\u2019ai des probl\u00e8mes de sant\u00e9 et je le vis mal pour mes proches\u2026<\/p><p>\u2026Quelqu\u2019un de mon entourage personnel ou professionnel me d\u00e9stabilise\u2026<\/p><p>\u2026.Je me mets \u00e0 pleurer d\u00e8s que je suis face \u00e0 un conflit\u2026<\/p><p>\u2026&#8221;<\/p><p>\u00a0<\/p><p>Nous avons tous des \u00e9motions et nous avons grandi sans vraiment savoir comment les accueillir : nous sommes donc en r\u00e9sistance, en souffrance et c\u2019est l\u2019intellect qui va prendre le pas pour g\u00e9rer la situation.<\/p><p><strong>Nous r\u00e9agissons de 4 mani\u00e8re diff\u00e9rente : Agresser, Fuir, \u00catre inhib\u00e9\/bloqu\u00e9, Mettre sous contr\u00f4le.<\/strong><\/p><p>Ces strat\u00e9gies perp\u00e9tuent le blocage au fond de nous (issu d\u2019une peur inconsciente) sans y mettre un terme ; \u00e0 la prochaine situation similaire, on subit un raz-de-mar\u00e9e \u00e9motionnel et on ne r\u00e9agit pas comme on le voudrait.<\/p><p><strong>La technique d\u2019identification sensorielle des peurs inconscientes (TIPI)<\/strong> est une technique qui a \u00e9t\u00e9 cr\u00e9\u00e9e par Luc Nicon. L\u2019association travaille en partenariat avec des organisations de sant\u00e9, les pompiers&#8230; Pour en savoir plus (lien vers le site TIPI : \u00c0 propos de la r\u00e9gulation \u00e9motionnelle Tipi &#8211; Tipi R\u00e9gulation \u00c9motionnelle).<\/p><p>\u00a0<\/p><p>C\u2019est une technique qui vise \u00e0 vous reconnecter \u00e0 vos ressentis physiques lorsque l\u2019\u00e9motion est pr\u00e9sente. En laissant la place \u00e0 l\u2019\u00e9motion et \u00e0 son expression par le corps, on reconnecte la zone du cerveau qui avait \u00e9t\u00e9 impact\u00e9e par un blocage, un traumatisme pass\u00e9.<\/p>\t\t\t\t\t\t\t\t<\/div>\n\t\t\t\t<\/div>\n\t\t\t\t\t<\/div>\n\t\t<\/div>\n\t\t\t\t\t<\/div>\n\t\t<\/section>\n\t\t\t\t<section class=\"elementor-section elementor-top-section elementor-element elementor-element-fb98250 elementor-section-boxed elementor-section-height-default elementor-section-height-default\" data-id=\"fb98250\" data-element_type=\"section\" data-e-type=\"section\" data-settings=\"{&quot;background_background&quot;:&quot;classic&quot;}\">\n\t\t\t\t\t\t<div class=\"elementor-container elementor-column-gap-default\">\n\t\t\t\t\t<div class=\"elementor-column elementor-col-50 elementor-top-column elementor-element elementor-element-588871b\" data-id=\"588871b\" data-element_type=\"column\" data-e-type=\"column\">\n\t\t\t<div class=\"elementor-widget-wrap elementor-element-populated\">\n\t\t\t\t\t\t<div class=\"elementor-element elementor-element-dbdd5af elementor-widget__width-initial elementor-widget elementor-widget-text-editor\" data-id=\"dbdd5af\" data-element_type=\"widget\" data-e-type=\"widget\" data-widget_type=\"text-editor.default\">\n\t\t\t\t<div class=\"elementor-widget-container\">\n\t\t\t\t\t\t\t\t\t<p><img decoding=\"async\" style=\"color: var( --e-global-color-text ); font-family: var( --e-global-typography-text-font-family ), Sans-serif; font-size: 1rem; font-weight: bold;\" src=\"http:\/\/cindygranger-naturopathe.fr\/wp-content\/uploads\/2024\/10\/puce.png\" alt=\"\" width=\"17\" height=\"17\" \/><span style=\"color: var( --e-global-color-text ); font-family: var( --e-global-typography-text-font-family ), Sans-serif; font-size: 1rem; font-weight: bold;\">\u00a0<\/span><strong><span style=\"color: var( --e-global-color-text ); font-family: var( --e-global-typography-text-font-family ), Sans-serif; font-size: 1rem;\">Comment<\/span><span style=\"color: var( --e-global-color-text ); font-family: var( --e-global-typography-text-font-family ), Sans-serif; font-size: 1rem;\"> se passe une s\u00e9ance ?<\/span><\/strong><\/p><p>Elle dure 30 minutes, par t\u00e9l\u00e9phone, visio ou en cabinet.<\/p><p>Une phase d\u2019\u00e9change vous permet de m\u2019exposer quelle est votre probl\u00e9matique \u00e9motionnelle. Au travers d\u2019une situation r\u00e9cente (moins de 15 jours) o\u00f9 vous avez rencontr\u00e9 une difficult\u00e9, je vous guide \u00e0 ressentir dans votre corps ce qu\u2019exprime votre \u00e9motion.<\/p><p>C\u2019est une technique simple, douce, rapide, efficace et qui ne n\u00e9cessite pas d\u2019aller trouver la peur inconsciente qui vous cr\u00e9e ces \u00e9motions incontr\u00f4l\u00e9es. Nous n\u2019allons pas explorer votre pass\u00e9 ou chercher la cause en sollicitant l\u2019intellectuel.<\/p><p>Ici, on ressent et on laisse la place pour que l\u2019\u00e9motion s\u2019\u00e9vacue.<\/p><p>Vous trouverez tout de suite apr\u00e8s et face \u00e0 une nouvelle situation similaire :<\/p><p>&#8211; L\u00e2cher prise<\/p><p>&#8211; S\u00e9r\u00e9nit\u00e9<\/p><p>&#8211; Prise de recul<\/p><p><strong>Vous ne r\u00e9agirez plus comme avant, le changement va s\u2019inscrire subtilement dans votre quotidien.<\/strong><\/p><p>\u00a0<\/p>\t\t\t\t\t\t\t\t<\/div>\n\t\t\t\t<\/div>\n\t\t\t\t\t<\/div>\n\t\t<\/div>\n\t\t\t\t<div class=\"elementor-column elementor-col-50 elementor-top-column elementor-element elementor-element-b9d6927\" data-id=\"b9d6927\" data-element_type=\"column\" data-e-type=\"column\">\n\t\t\t<div class=\"elementor-widget-wrap elementor-element-populated\">\n\t\t\t\t\t\t<div class=\"elementor-element elementor-element-90879bd elementor-widget__width-initial elementor-widget elementor-widget-image\" data-id=\"90879bd\" data-element_type=\"widget\" data-e-type=\"widget\" data-widget_type=\"image.default\">\n\t\t\t\t<div class=\"elementor-widget-container\">\n\t\t\t\t\t\t\t\t\t\t\t\t\t\t\t<img fetchpriority=\"high\" decoding=\"async\" width=\"683\" height=\"1024\" src=\"https:\/\/cindygranger-naturopathe.fr\/wp-content\/uploads\/2024\/10\/IMG_8288-2-683x1024.jpg\" class=\"attachment-large size-large wp-image-747\" alt=\"\" srcset=\"https:\/\/cindygranger-naturopathe.fr\/wp-content\/uploads\/2024\/10\/IMG_8288-2-683x1024.jpg 683w, https:\/\/cindygranger-naturopathe.fr\/wp-content\/uploads\/2024\/10\/IMG_8288-2-200x300.jpg 200w, https:\/\/cindygranger-naturopathe.fr\/wp-content\/uploads\/2024\/10\/IMG_8288-2-768x1152.jpg 768w, https:\/\/cindygranger-naturopathe.fr\/wp-content\/uploads\/2024\/10\/IMG_8288-2-1024x1536.jpg 1024w, https:\/\/cindygranger-naturopathe.fr\/wp-content\/uploads\/2024\/10\/IMG_8288-2-1365x2048.jpg 1365w, https:\/\/cindygranger-naturopathe.fr\/wp-content\/uploads\/2024\/10\/IMG_8288-2-scaled.jpg 1706w\" sizes=\"(max-width: 683px) 100vw, 683px\" \/>\t\t\t\t\t\t\t\t\t\t\t\t\t\t\t<\/div>\n\t\t\t\t<\/div>\n\t\t\t\t\t<\/div>\n\t\t<\/div>\n\t\t\t\t\t<\/div>\n\t\t<\/section>\n\t\t\t\t<section class=\"elementor-section elementor-top-section elementor-element elementor-element-fb8ca83 elementor-section-boxed elementor-section-height-default elementor-section-height-default\" data-id=\"fb8ca83\" data-element_type=\"section\" data-e-type=\"section\" data-settings=\"{&quot;background_background&quot;:&quot;classic&quot;}\">\n\t\t\t\t\t\t<div class=\"elementor-container elementor-column-gap-default\">\n\t\t\t\t\t<div class=\"elementor-column elementor-col-100 elementor-top-column elementor-element elementor-element-d13296b\" data-id=\"d13296b\" data-element_type=\"column\" data-e-type=\"column\">\n\t\t\t<div class=\"elementor-widget-wrap elementor-element-populated\">\n\t\t\t\t\t\t<div class=\"elementor-element elementor-element-2a5e1a8 elementor-widget elementor-widget-text-editor\" data-id=\"2a5e1a8\" data-element_type=\"widget\" data-e-type=\"widget\" data-widget_type=\"text-editor.default\">\n\t\t\t\t<div class=\"elementor-widget-container\">\n\t\t\t\t\t\t\t\t\t<p>Il est possible de la pratiquer plusieurs fois sur plusieurs probl\u00e9matiques et trouver enfin apaisement sur des situations qui peuvent \u00eatre tr\u00e8s \u00e9nergivores tant elles vous sollicitent \u00e9motionnellement.<\/p>\n<p><strong>\u00b7 Ensemble nous travaillons sur une \u00e9motion ind\u00e9sirable une fois qu\u2019elle est pass\u00e9e.<\/strong><\/p>\n<p>\u00b7 Pour compl\u00e9ter, vous pouvez aussi \u00eatre en autonomie et r\u00e9guler vos \u00e9motions au moment o\u00f9 elles arrivent. Je vous donne les astuces pour y arriver.<\/p>\n<p>Et sinon, je vous invite \u00e0 vous former via un e-learning d\u00e9di\u00e9 :<i> Tipi Autonomie<\/i><\/p>\t\t\t\t\t\t\t\t<\/div>\n\t\t\t\t<\/div>\n\t\t\t\t\t<\/div>\n\t\t<\/div>\n\t\t\t\t\t<\/div>\n\t\t<\/section>\n\t\t\t\t<\/div>\n\t\t","protected":false},"excerpt":{"rendered":"<p>Mon accompagnement : R\u00e9gulation \u00e9motionnelle TIPI\u00ae Les s\u00e9ances ne s\u2019adressent pas enfants de moins de 16 ans ni aux personnes souffrant de troubles cognitifs s\u00e9v\u00e8res. \u00ab On se lave les dents tous les jours, faisons de m\u00eame avec la r\u00e9gulation \u00e9motionnelle TIPI pour une gestion saine de nos \u00e9motions\u00a0\u00bb\u00a0 \u00a0De quoi s\u2019agit-il ? Vous faites [&hellip;]<\/p>\n","protected":false},"author":1,"featured_media":0,"parent":0,"menu_order":0,"comment_status":"closed","ping_status":"closed","template":"","meta":{"footnotes":""},"class_list":["post-573","page","type-page","status-publish","hentry"],"_links":{"self":[{"href":"https:\/\/cindygranger-naturopathe.fr\/index.php\/wp-json\/wp\/v2\/pages\/573","targetHints":{"allow":["GET"]}}],"collection":[{"href":"https:\/\/cindygranger-naturopathe.fr\/index.php\/wp-json\/wp\/v2\/pages"}],"about":[{"href":"https:\/\/cindygranger-naturopathe.fr\/index.php\/wp-json\/wp\/v2\/types\/page"}],"author":[{"embeddable":true,"href":"https:\/\/cindygranger-naturopathe.fr\/index.php\/wp-json\/wp\/v2\/users\/1"}],"replies":[{"embeddable":true,"href":"https:\/\/cindygranger-naturopathe.fr\/index.php\/wp-json\/wp\/v2\/comments?post=573"}],"version-history":[{"count":24,"href":"https:\/\/cindygranger-naturopathe.fr\/index.php\/wp-json\/wp\/v2\/pages\/573\/revisions"}],"predecessor-version":[{"id":1007,"href":"https:\/\/cindygranger-naturopathe.fr\/index.php\/wp-json\/wp\/v2\/pages\/573\/revisions\/1007"}],"wp:attachment":[{"href":"https:\/\/cindygranger-naturopathe.fr\/index.php\/wp-json\/wp\/v2\/media?parent=573"}],"curies":[{"name":"wp","href":"https:\/\/api.w.org\/{rel}","templated":true}]}}